{"id":6516,"date":"2017-03-31T15:09:36","date_gmt":"2017-03-31T13:09:36","guid":{"rendered":"http:\/\/www.car-shooters.com\/fr\/?page_id=6516"},"modified":"2017-09-05T23:06:30","modified_gmt":"2017-09-05T21:06:30","slug":"a-propos","status":"publish","type":"page","link":"https:\/\/www.car-shooters.com\/fr\/a-propos\/","title":{"rendered":"\u00c0 Propos"},"content":{"rendered":"<p><strong>CAR-SHOOTERS<\/strong>, n\u00e9 en 2015, est un magazine automobile en ligne bas\u00e9 en Italie et en Belgique offrant des photographies de haute qualit\u00e9 et du <i>storytelling<\/i>. Tous les membres de l\u2019\u00e9quipe de CAR-SHOOTERS partage la passion pour les v\u00e9hicules et les motos et vous guideront pour d\u00e9couvrir de nouvelles voitures, \u00e9v\u00e9nements et endroits.<\/p>\n<p>Contactez-nous \u00e0 l\u2019adresse <b><a href=\"mailto:info@car-shooters.com\">info@car-shooters.com<\/a><\/b><\/p>\n<p>Pour envoyer un communiqu\u00e9 de presse: <b><a href=\"mailto:press@car-shooters.com\">press@car-shooters.com<\/a><\/b><\/p>\n<h2><i>\u00a0<\/p>\n<p style=\"text-align: center;\"><strong>\u00c9QUIPE:<\/strong><\/p>\n<p><\/i><\/h2>\n<p><b>Edoardo Mascalchi:<\/b> <i>[DIRECTEUR, AUTEUR, PHOTOGRAPHE]<\/i> &#8211; For the personal photographer <b>Portfolio<\/b> <a href=\"http:\/\/www.edoardomascalchi.it\" target=\"_blank\">CLICK HERE<\/a> .<\/p>\n<p><b>Francesco Giovannini:<\/b> <i>[WEBMASTER, PHOTOGRAPHE]<\/i> <\/p>\n<p><b>Leonardo Stefani:<\/b> <i>[AUTEUR]<\/i><\/p>\n<p><b>Marco Dellisanti:<\/b> <i>[PHOTOGRAPHE]<\/i><\/p>\n<p><b>Federico Schipani:<\/b> <i>[AUTEUR]<\/i><\/p>\n","protected":false},"excerpt":{"rendered":"<p>CAR-SHOOTERS, n\u00e9 en 2015, est un magazine automobile en ligne bas\u00e9 en Italie et en Belgique offrant des photographies de haute qualit\u00e9 et du storytelling. Tous les membres de l\u2019\u00e9quipe de CAR-SHOOTERS partage la passion pour les v\u00e9hicules et les motos et vous guideront pour d\u00e9couvrir de nouvelles voitures, \u00e9v\u00e9nements et endroits. Contactez-nous \u00e0 l\u2019adresse &hellip; <a href=\"https:\/\/www.car-shooters.com\/fr\/a-propos\/\">Continued<\/a><\/p>\n","protected":false},"author":1,"featured_media":2653,"parent":0,"menu_order":0,"comment_status":"closed","ping_status":"closed","template":"","meta":{"_monsterinsights_skip_tracking":false,"_monsterinsights_sitenote_active":false,"_monsterinsights_sitenote_note":"","_monsterinsights_sitenote_category":0,"footnotes":""},"class_list":["post-6516","page","type-page","status-publish","has-post-thumbnail","hentry"],"yoast_head":"<!-- This site is optimized with the Yoast SEO plugin v24.4 - https:\/\/yoast.com\/wordpress\/plugins\/seo\/ -->\n<title>\u00c0 Propos | Car - Shooters<\/title>\n<meta name=\"robots\" content=\"index, follow, max-snippet:-1, max-image-preview:large, max-video-preview:-1\" \/>\n<link rel=\"canonical\" href=\"https:\/\/www.car-shooters.com\/fr\/a-propos\/\" \/>\n<meta property=\"og:locale\" content=\"fr_FR\" \/>\n<meta property=\"og:type\" content=\"article\" \/>\n<meta property=\"og:title\" content=\"\u00c0 Propos | Car - Shooters\" \/>\n<meta property=\"og:description\" content=\"CAR-SHOOTERS, n\u00e9 en 2015, est un magazine automobile en ligne bas\u00e9 en Italie et en Belgique offrant des photographies de haute qualit\u00e9 et du storytelling. Tous les membres de l\u2019\u00e9quipe de CAR-SHOOTERS partage la passion pour les v\u00e9hicules et les motos et vous guideront pour d\u00e9couvrir de nouvelles voitures, \u00e9v\u00e9nements et endroits. Contactez-nous \u00e0 l\u2019adresse &hellip; Continued\" \/>\n<meta property=\"og:url\" content=\"https:\/\/www.car-shooters.com\/fr\/a-propos\/\" \/>\n<meta property=\"og:site_name\" content=\"Car - Shooters\" \/>\n<meta property=\"article:publisher\" content=\"https:\/\/www.facebook.com\/carshooters\" \/>\n<meta property=\"article:modified_time\" content=\"2017-09-05T21:06:30+00:00\" \/>\n<meta property=\"og:image\" content=\"https:\/\/www.car-shooters.com\/wp-content\/uploads\/2015\/09\/CAR_SHOOTERS_MILLEMIGLIA_1.jpg\" \/>\n\t<meta property=\"og:image:width\" content=\"1200\" \/>\n\t<meta property=\"og:image:height\" content=\"800\" \/>\n\t<meta property=\"og:image:type\" content=\"image\/jpeg\" \/>\n<meta name=\"twitter:card\" content=\"summary_large_image\" \/>\n<meta name=\"twitter:site\" content=\"@Car_Shooters\" \/>\n<script type=\"application\/ld+json\" class=\"yoast-schema-graph\">{\"@context\":\"https:\/\/schema.org\",\"@graph\":[{\"@type\":\"WebPage\",\"@id\":\"https:\/\/www.car-shooters.com\/fr\/a-propos\/\",\"url\":\"https:\/\/www.car-shooters.com\/fr\/a-propos\/\",\"name\":\"\u00c0 Propos | Car - Shooters\",\"isPartOf\":{\"@id\":\"https:\/\/www.car-shooters.com\/en\/#website\"},\"primaryImageOfPage\":{\"@id\":\"https:\/\/www.car-shooters.com\/fr\/a-propos\/#primaryimage\"},\"image\":{\"@id\":\"https:\/\/www.car-shooters.com\/fr\/a-propos\/#primaryimage\"},\"thumbnailUrl\":\"https:\/\/www.car-shooters.com\/wp-content\/uploads\/2015\/09\/CAR_SHOOTERS_MILLEMIGLIA_1.jpg\",\"datePublished\":\"2017-03-31T13:09:36+00:00\",\"dateModified\":\"2017-09-05T21:06:30+00:00\",\"breadcrumb\":{\"@id\":\"https:\/\/www.car-shooters.com\/fr\/a-propos\/#breadcrumb\"},\"inLanguage\":\"fr-FR\",\"potentialAction\":[{\"@type\":\"ReadAction\",\"target\":[\"https:\/\/www.car-shooters.com\/fr\/a-propos\/\"]}]},{\"@type\":\"ImageObject\",\"inLanguage\":\"fr-FR\",\"@id\":\"https:\/\/www.car-shooters.com\/fr\/a-propos\/#primaryimage\",\"url\":\"https:\/\/www.car-shooters.com\/wp-content\/uploads\/2015\/09\/CAR_SHOOTERS_MILLEMIGLIA_1.jpg\",\"contentUrl\":\"https:\/\/www.car-shooters.com\/wp-content\/uploads\/2015\/09\/CAR_SHOOTERS_MILLEMIGLIA_1.jpg\",\"width\":1200,\"height\":800},{\"@type\":\"BreadcrumbList\",\"@id\":\"https:\/\/www.car-shooters.com\/fr\/a-propos\/#breadcrumb\",\"itemListElement\":[{\"@type\":\"ListItem\",\"position\":1,\"name\":\"Home\",\"item\":\"https:\/\/www.car-shooters.com\/fr\/\"},{\"@type\":\"ListItem\",\"position\":2,\"name\":\"\u00c0 Propos\"}]},{\"@type\":\"WebSite\",\"@id\":\"https:\/\/www.car-shooters.com\/en\/#website\",\"url\":\"https:\/\/www.car-shooters.com\/en\/\",\"name\":\"Car - Shooters\",\"description\":\"Belles voitures et paysages spectaculaires\",\"potentialAction\":[{\"@type\":\"SearchAction\",\"target\":{\"@type\":\"EntryPoint\",\"urlTemplate\":\"https:\/\/www.car-shooters.com\/en\/?s={search_term_string}\"},\"query-input\":{\"@type\":\"PropertyValueSpecification\",\"valueRequired\":true,\"valueName\":\"search_term_string\"}}],\"inLanguage\":\"fr-FR\"}]}<\/script>\n<!-- \/ Yoast SEO plugin. -->","yoast_head_json":{"title":"\u00c0 Propos | Car - Shooters","robots":{"index":"index","follow":"follow","max-snippet":"max-snippet:-1","max-image-preview":"max-image-preview:large","max-video-preview":"max-video-preview:-1"},"canonical":"https:\/\/www.car-shooters.com\/fr\/a-propos\/","og_locale":"fr_FR","og_type":"article","og_title":"\u00c0 Propos | Car - Shooters","og_description":"CAR-SHOOTERS, n\u00e9 en 2015, est un magazine automobile en ligne bas\u00e9 en Italie et en Belgique offrant des photographies de haute qualit\u00e9 et du storytelling. Tous les membres de l\u2019\u00e9quipe de CAR-SHOOTERS partage la passion pour les v\u00e9hicules et les motos et vous guideront pour d\u00e9couvrir de nouvelles voitures, \u00e9v\u00e9nements et endroits. Contactez-nous \u00e0 l\u2019adresse &hellip; Continued","og_url":"https:\/\/www.car-shooters.com\/fr\/a-propos\/","og_site_name":"Car - Shooters","article_publisher":"https:\/\/www.facebook.com\/carshooters","article_modified_time":"2017-09-05T21:06:30+00:00","og_image":[{"width":1200,"height":800,"url":"https:\/\/www.car-shooters.com\/wp-content\/uploads\/2015\/09\/CAR_SHOOTERS_MILLEMIGLIA_1.jpg","type":"image\/jpeg"}],"twitter_card":"summary_large_image","twitter_site":"@Car_Shooters","schema":{"@context":"https:\/\/schema.org","@graph":[{"@type":"WebPage","@id":"https:\/\/www.car-shooters.com\/fr\/a-propos\/","url":"https:\/\/www.car-shooters.com\/fr\/a-propos\/","name":"\u00c0 Propos | Car - Shooters","isPartOf":{"@id":"https:\/\/www.car-shooters.com\/en\/#website"},"primaryImageOfPage":{"@id":"https:\/\/www.car-shooters.com\/fr\/a-propos\/#primaryimage"},"image":{"@id":"https:\/\/www.car-shooters.com\/fr\/a-propos\/#primaryimage"},"thumbnailUrl":"https:\/\/www.car-shooters.com\/wp-content\/uploads\/2015\/09\/CAR_SHOOTERS_MILLEMIGLIA_1.jpg","datePublished":"2017-03-31T13:09:36+00:00","dateModified":"2017-09-05T21:06:30+00:00","breadcrumb":{"@id":"https:\/\/www.car-shooters.com\/fr\/a-propos\/#breadcrumb"},"inLanguage":"fr-FR","potentialAction":[{"@type":"ReadAction","target":["https:\/\/www.car-shooters.com\/fr\/a-propos\/"]}]},{"@type":"ImageObject","inLanguage":"fr-FR","@id":"https:\/\/www.car-shooters.com\/fr\/a-propos\/#primaryimage","url":"https:\/\/www.car-shooters.com\/wp-content\/uploads\/2015\/09\/CAR_SHOOTERS_MILLEMIGLIA_1.jpg","contentUrl":"https:\/\/www.car-shooters.com\/wp-content\/uploads\/2015\/09\/CAR_SHOOTERS_MILLEMIGLIA_1.jpg","width":1200,"height":800},{"@type":"BreadcrumbList","@id":"https:\/\/www.car-shooters.com\/fr\/a-propos\/#breadcrumb","itemListElement":[{"@type":"ListItem","position":1,"name":"Home","item":"https:\/\/www.car-shooters.com\/fr\/"},{"@type":"ListItem","position":2,"name":"\u00c0 Propos"}]},{"@type":"WebSite","@id":"https:\/\/www.car-shooters.com\/en\/#website","url":"https:\/\/www.car-shooters.com\/en\/","name":"Car - Shooters","description":"Belles voitures et paysages spectaculaires","potentialAction":[{"@type":"SearchAction","target":{"@type":"EntryPoint","urlTemplate":"https:\/\/www.car-shooters.com\/en\/?s={search_term_string}"},"query-input":{"@type":"PropertyValueSpecification","valueRequired":true,"valueName":"search_term_string"}}],"inLanguage":"fr-FR"}]}},"_links":{"self":[{"href":"https:\/\/www.car-shooters.com\/fr\/wp-json\/wp\/v2\/pages\/6516","targetHints":{"allow":["GET"]}}],"collection":[{"href":"https:\/\/www.car-shooters.com\/fr\/wp-json\/wp\/v2\/pages"}],"about":[{"href":"https:\/\/www.car-shooters.com\/fr\/wp-json\/wp\/v2\/types\/page"}],"author":[{"embeddable":true,"href":"https:\/\/www.car-shooters.com\/fr\/wp-json\/wp\/v2\/users\/1"}],"replies":[{"embeddable":true,"href":"https:\/\/www.car-shooters.com\/fr\/wp-json\/wp\/v2\/comments?post=6516"}],"version-history":[{"count":4,"href":"https:\/\/www.car-shooters.com\/fr\/wp-json\/wp\/v2\/pages\/6516\/revisions"}],"predecessor-version":[{"id":7429,"href":"https:\/\/www.car-shooters.com\/fr\/wp-json\/wp\/v2\/pages\/6516\/revisions\/7429"}],"wp:featuredmedia":[{"embeddable":true,"href":"https:\/\/www.car-shooters.com\/fr\/wp-json\/wp\/v2\/media\/2653"}],"wp:attachment":[{"href":"https:\/\/www.car-shooters.com\/fr\/wp-json\/wp\/v2\/media?parent=6516"}],"curies":[{"name":"wp","href":"https:\/\/api.w.org\/{rel}","templated":true}]}}