{"id":1105,"date":"2015-02-23T20:53:30","date_gmt":"2015-02-23T19:53:30","guid":{"rendered":"http:\/\/www.car-shooters.com\/home-2\/"},"modified":"2017-02-01T22:05:51","modified_gmt":"2017-02-01T21:05:51","slug":"home","status":"publish","type":"page","link":"https:\/\/www.car-shooters.com\/fr\/","title":{"rendered":"HOME"},"content":{"rendered":"","protected":false},"excerpt":{"rendered":"","protected":false},"author":1,"featured_media":0,"parent":0,"menu_order":0,"comment_status":"closed","ping_status":"closed","template":"template-home.php","meta":{"_monsterinsights_skip_tracking":false,"_monsterinsights_sitenote_active":false,"_monsterinsights_sitenote_note":"","_monsterinsights_sitenote_category":0,"footnotes":""},"class_list":["post-1105","page","type-page","status-publish","hentry"],"yoast_head":"<!-- This site is optimized with the Yoast SEO plugin v24.4 - https:\/\/yoast.com\/wordpress\/plugins\/seo\/ -->\n<title>Essais, voitures anciennes et itin\u00e9raires fascinants: Car-Shooters<\/title>\n<meta name=\"description\" content=\"Le magazine auto d\u00e9di\u00e9 \u00e0 la passion de l&#039;automobile. Essais, voitures de collections, itin\u00e9raires illustr\u00e9s avec des photos de haute qualit\u00e9!\" \/>\n<meta name=\"robots\" content=\"index, follow, max-snippet:-1, max-image-preview:large, max-video-preview:-1\" \/>\n<link rel=\"canonical\" href=\"https:\/\/www.car-shooters.com\/fr\/\" \/>\n<meta property=\"og:locale\" content=\"fr_FR\" \/>\n<meta property=\"og:type\" content=\"article\" \/>\n<meta property=\"og:title\" content=\"Essais, voitures anciennes et itin\u00e9raires fascinants: Car-Shooters\" \/>\n<meta property=\"og:description\" content=\"Le magazine auto d\u00e9di\u00e9 \u00e0 la passion de l&#039;automobile. Essais, voitures de collections, itin\u00e9raires illustr\u00e9s avec des photos de haute qualit\u00e9!\" \/>\n<meta property=\"og:url\" content=\"https:\/\/www.car-shooters.com\/fr\/\" \/>\n<meta property=\"og:site_name\" content=\"Car - Shooters\" \/>\n<meta property=\"article:publisher\" content=\"https:\/\/www.facebook.com\/carshooters\" \/>\n<meta property=\"article:modified_time\" content=\"2017-02-01T21:05:51+00:00\" \/>\n<meta property=\"og:image\" content=\"http:\/\/www.car-shooters.com\/wp-content\/uploads\/2015\/03\/faviconretinacarshooters.png\" \/>\n<meta name=\"twitter:card\" content=\"summary_large_image\" \/>\n<meta name=\"twitter:site\" content=\"@Car_Shooters\" \/>\n<script type=\"application\/ld+json\" class=\"yoast-schema-graph\">{\"@context\":\"https:\/\/schema.org\",\"@graph\":[{\"@type\":\"WebPage\",\"@id\":\"https:\/\/www.car-shooters.com\/fr\/\",\"url\":\"https:\/\/www.car-shooters.com\/fr\/\",\"name\":\"Essais, voitures anciennes et itin\u00e9raires fascinants: Car-Shooters\",\"isPartOf\":{\"@id\":\"https:\/\/www.car-shooters.com\/en\/#website\"},\"datePublished\":\"2015-02-23T19:53:30+00:00\",\"dateModified\":\"2017-02-01T21:05:51+00:00\",\"description\":\"Le magazine auto d\u00e9di\u00e9 \u00e0 la passion de l'automobile. Essais, voitures de collections, itin\u00e9raires illustr\u00e9s avec des photos de haute qualit\u00e9!\",\"breadcrumb\":{\"@id\":\"https:\/\/www.car-shooters.com\/fr\/#breadcrumb\"},\"inLanguage\":\"fr-FR\",\"potentialAction\":[{\"@type\":\"ReadAction\",\"target\":[\"https:\/\/www.car-shooters.com\/fr\/\"]}]},{\"@type\":\"BreadcrumbList\",\"@id\":\"https:\/\/www.car-shooters.com\/fr\/#breadcrumb\",\"itemListElement\":[{\"@type\":\"ListItem\",\"position\":1,\"name\":\"Home\",\"item\":\"https:\/\/www.car-shooters.com\/fr\/\"},{\"@type\":\"ListItem\",\"position\":2,\"name\":\"HOME\"}]},{\"@type\":\"WebSite\",\"@id\":\"https:\/\/www.car-shooters.com\/en\/#website\",\"url\":\"https:\/\/www.car-shooters.com\/en\/\",\"name\":\"Car - Shooters\",\"description\":\"Belles voitures et paysages spectaculaires\",\"potentialAction\":[{\"@type\":\"SearchAction\",\"target\":{\"@type\":\"EntryPoint\",\"urlTemplate\":\"https:\/\/www.car-shooters.com\/en\/?s={search_term_string}\"},\"query-input\":{\"@type\":\"PropertyValueSpecification\",\"valueRequired\":true,\"valueName\":\"search_term_string\"}}],\"inLanguage\":\"fr-FR\"}]}<\/script>\n<!-- \/ Yoast SEO plugin. -->","yoast_head_json":{"title":"Essais, voitures anciennes et itin\u00e9raires fascinants: Car-Shooters","description":"Le magazine auto d\u00e9di\u00e9 \u00e0 la passion de l'automobile. Essais, voitures de collections, itin\u00e9raires illustr\u00e9s avec des photos de haute qualit\u00e9!","robots":{"index":"index","follow":"follow","max-snippet":"max-snippet:-1","max-image-preview":"max-image-preview:large","max-video-preview":"max-video-preview:-1"},"canonical":"https:\/\/www.car-shooters.com\/fr\/","og_locale":"fr_FR","og_type":"article","og_title":"Essais, voitures anciennes et itin\u00e9raires fascinants: Car-Shooters","og_description":"Le magazine auto d\u00e9di\u00e9 \u00e0 la passion de l'automobile. Essais, voitures de collections, itin\u00e9raires illustr\u00e9s avec des photos de haute qualit\u00e9!","og_url":"https:\/\/www.car-shooters.com\/fr\/","og_site_name":"Car - Shooters","article_publisher":"https:\/\/www.facebook.com\/carshooters","article_modified_time":"2017-02-01T21:05:51+00:00","og_image":[{"url":"http:\/\/www.car-shooters.com\/wp-content\/uploads\/2015\/03\/faviconretinacarshooters.png","type":"","width":"","height":""}],"twitter_card":"summary_large_image","twitter_site":"@Car_Shooters","schema":{"@context":"https:\/\/schema.org","@graph":[{"@type":"WebPage","@id":"https:\/\/www.car-shooters.com\/fr\/","url":"https:\/\/www.car-shooters.com\/fr\/","name":"Essais, voitures anciennes et itin\u00e9raires fascinants: Car-Shooters","isPartOf":{"@id":"https:\/\/www.car-shooters.com\/en\/#website"},"datePublished":"2015-02-23T19:53:30+00:00","dateModified":"2017-02-01T21:05:51+00:00","description":"Le magazine auto d\u00e9di\u00e9 \u00e0 la passion de l'automobile. Essais, voitures de collections, itin\u00e9raires illustr\u00e9s avec des photos de haute qualit\u00e9!","breadcrumb":{"@id":"https:\/\/www.car-shooters.com\/fr\/#breadcrumb"},"inLanguage":"fr-FR","potentialAction":[{"@type":"ReadAction","target":["https:\/\/www.car-shooters.com\/fr\/"]}]},{"@type":"BreadcrumbList","@id":"https:\/\/www.car-shooters.com\/fr\/#breadcrumb","itemListElement":[{"@type":"ListItem","position":1,"name":"Home","item":"https:\/\/www.car-shooters.com\/fr\/"},{"@type":"ListItem","position":2,"name":"HOME"}]},{"@type":"WebSite","@id":"https:\/\/www.car-shooters.com\/en\/#website","url":"https:\/\/www.car-shooters.com\/en\/","name":"Car - Shooters","description":"Belles voitures et paysages spectaculaires","potentialAction":[{"@type":"SearchAction","target":{"@type":"EntryPoint","urlTemplate":"https:\/\/www.car-shooters.com\/en\/?s={search_term_string}"},"query-input":{"@type":"PropertyValueSpecification","valueRequired":true,"valueName":"search_term_string"}}],"inLanguage":"fr-FR"}]}},"_links":{"self":[{"href":"https:\/\/www.car-shooters.com\/fr\/wp-json\/wp\/v2\/pages\/1105","targetHints":{"allow":["GET"]}}],"collection":[{"href":"https:\/\/www.car-shooters.com\/fr\/wp-json\/wp\/v2\/pages"}],"about":[{"href":"https:\/\/www.car-shooters.com\/fr\/wp-json\/wp\/v2\/types\/page"}],"author":[{"embeddable":true,"href":"https:\/\/www.car-shooters.com\/fr\/wp-json\/wp\/v2\/users\/1"}],"replies":[{"embeddable":true,"href":"https:\/\/www.car-shooters.com\/fr\/wp-json\/wp\/v2\/comments?post=1105"}],"version-history":[{"count":10,"href":"https:\/\/www.car-shooters.com\/fr\/wp-json\/wp\/v2\/pages\/1105\/revisions"}],"predecessor-version":[{"id":3957,"href":"https:\/\/www.car-shooters.com\/fr\/wp-json\/wp\/v2\/pages\/1105\/revisions\/3957"}],"wp:attachment":[{"href":"https:\/\/www.car-shooters.com\/fr\/wp-json\/wp\/v2\/media?parent=1105"}],"curies":[{"name":"wp","href":"https:\/\/api.w.org\/{rel}","templated":true}]}}